{"id":59,"date":"2010-11-25T06:51:00","date_gmt":"2010-11-25T06:51:00","guid":{"rendered":"http:\/\/www.samuelmorett.net\/"},"modified":"2011-02-13T23:34:49","modified_gmt":"2011-02-13T23:34:49","slug":"reiki-2","status":"publish","type":"page","link":"https:\/\/samuelmorett.com\/en\/services\/reiki-2\/","title":{"rendered":"Reiki"},"content":{"rendered":"<p>Reiki, cuya traducci\u00f3n del japon\u00e9s significa Energ\u00eda  Universal, es  una pr\u00e1ctica que lograr la sanaci\u00f3n o equilibrio, a trav\u00e9s  de la  imposici\u00f3n de las manos en diferentes puntos vitales del cliente   produciendo no solo alivio f\u00edsico, pero tambi\u00e9n mental y espiritual.<\/p>\n<p>La  pr\u00e1ctica de Reiki est\u00e1 incorporada al contexto de las  pr\u00e1cticas  terape\u00faticas alternativas reconocidas por la Organizaci\u00f3n  Mundial de la  Salud (O.M.S)<\/p>\n<p>El objetivo b\u00e1sico de un tratamiento Reiki, es  integrar e interactuar en  forma armoniosa el Re\u00ed, la energ\u00eda del  universo, con el Ki, la energ\u00eda  vital interna de los seres vivos.  Cuando nuestro \u201cKi\u201d es fuerte,  nosotros estamos f\u00edsica, emocional,  mental y espiritualmente sanos.  Cuando nuestro ki est\u00e1 en un nivel muy  bajo, podemos enfermarnos o  desequilibrarnos.<\/p>\n<p>Esta energ\u00eda fluye a  trav\u00e9s de los chakras o puntos de energ\u00eda  principales del cuerpo que  se encargan de la salud general del ser. Al  desbloquear estos puntos  potencia el proceso de recuperaci\u00f3n del  cliente.<\/p>\n<p>El Reiki no puede reemplazar al tratamiento m\u00e9dico, aunque s\u00ed se puede utilizar de forma complementaria.<\/p>\n<p>Los 5 principios del Reiki se basan en el siguiente pensamiento del Maestro Mikao Usui<\/p>\n<p>1- S\u00f3lo por hoy, no me preocupo<br \/>\n2- S\u00f3lo por hoy, no me irrito<br \/>\n3- S\u00f3lo por hoy, demuestro mi aprecio y amabilidad con los que me rodean<br \/>\n4- S\u00f3lo por hoy, me gano la vida honestamente<br \/>\n5- S\u00f3lo por hoy, agradezco las bendiciones que la vida me regala<\/p>\n<p>Meditar  en los Principios del Reiki y practicar Reiki en  la Auto sanaci\u00f3n te  abre las puertas del Amor y el Crecimiento Personal  de manera sencilla y  directa.<\/p>\n","protected":false},"excerpt":{"rendered":"<p>Reiki, cuya traducci\u00f3n del japon\u00e9s significa Energ\u00eda Universal, es una pr\u00e1ctica que lograr la sanaci\u00f3n o equilibrio, a trav\u00e9s de la imposici\u00f3n de las manos en diferentes puntos vitales del cliente produciendo no solo alivio f\u00edsico, pero tambi\u00e9n mental y espiritual. La pr\u00e1ctica de Reiki est\u00e1 incorporada al contexto de las pr\u00e1cticas terape\u00faticas alternativas reconocidas&hellip;&nbsp;<a href=\"https:\/\/samuelmorett.com\/en\/services\/reiki-2\/\" rel=\"bookmark\">Read More &raquo;<span class=\"screen-reader-text\">Reiki<\/span><\/a><\/p>\n","protected":false},"author":1,"featured_media":0,"parent":31,"menu_order":4,"comment_status":"open","ping_status":"closed","template":"","meta":{"neve_meta_sidebar":"","neve_meta_container":"","neve_meta_enable_content_width":"","neve_meta_content_width":0,"neve_meta_title_alignment":"","neve_meta_author_avatar":"","neve_post_elements_order":"","neve_meta_disable_header":"","neve_meta_disable_footer":"","neve_meta_disable_title":"","neve_meta_reading_time":"","footnotes":""},"class_list":["post-59","page","type-page","status-publish","hentry"],"translation":{"provider":"WPGlobus","version":"3.0.2","language":"en","enabled_languages":["es","en"],"languages":{"es":{"title":true,"content":true,"excerpt":false},"en":{"title":false,"content":false,"excerpt":false}}},"yoast_head":"<!-- This site is optimized with the Yoast SEO plugin v26.8 - https:\/\/yoast.com\/product\/yoast-seo-wordpress\/ -->\n<title>Reiki - SamuelMorett.com<\/title>\n<meta name=\"robots\" content=\"index, follow, max-snippet:-1, max-image-preview:large, max-video-preview:-1\" \/>\n<link rel=\"canonical\" href=\"https:\/\/samuelmorett.com\/services\/reiki-2\/\" \/>\n<meta property=\"og:locale\" content=\"en_US\" \/>\n<meta property=\"og:type\" content=\"article\" \/>\n<meta property=\"og:title\" content=\"Reiki - SamuelMorett.com\" \/>\n<meta property=\"og:url\" content=\"https:\/\/samuelmorett.com\/services\/reiki-2\/\" \/>\n<meta property=\"og:site_name\" content=\"SamuelMorett.com\" \/>\n<meta property=\"article:modified_time\" content=\"2011-02-13T23:34:49+00:00\" \/>\n<meta name=\"twitter:card\" content=\"summary_large_image\" \/>\n<meta name=\"twitter:label1\" content=\"Est. reading time\" \/>\n\t<meta name=\"twitter:data1\" content=\"1 minute\" \/>\n<script type=\"application\/ld+json\" class=\"yoast-schema-graph\">{\"@context\":\"https:\/\/schema.org\",\"@graph\":[{\"@type\":\"WebPage\",\"@id\":\"https:\/\/samuelmorett.com\/services\/reiki-2\/\",\"url\":\"https:\/\/samuelmorett.com\/services\/reiki-2\/\",\"name\":\"Reiki - SamuelMorett.com\",\"isPartOf\":{\"@id\":\"https:\/\/samuelmorett.com\/#website\"},\"datePublished\":\"2010-11-25T06:51:00+00:00\",\"dateModified\":\"2011-02-13T23:34:49+00:00\",\"breadcrumb\":{\"@id\":\"https:\/\/samuelmorett.com\/services\/reiki-2\/#breadcrumb\"},\"inLanguage\":\"en-US\",\"potentialAction\":[{\"@type\":\"ReadAction\",\"target\":[\"https:\/\/samuelmorett.com\/services\/reiki-2\/\"]}]},{\"@type\":\"BreadcrumbList\",\"@id\":\"https:\/\/samuelmorett.com\/services\/reiki-2\/#breadcrumb\",\"itemListElement\":[{\"@type\":\"ListItem\",\"position\":1,\"name\":\"Home\",\"item\":\"https:\/\/samuelmorett.com\/\"},{\"@type\":\"ListItem\",\"position\":2,\"name\":\"Servicios (old)\",\"item\":\"https:\/\/samuelmorett.com\/services\/\"},{\"@type\":\"ListItem\",\"position\":3,\"name\":\"Reiki\"}]},{\"@type\":\"WebSite\",\"@id\":\"https:\/\/samuelmorett.com\/#website\",\"url\":\"https:\/\/samuelmorett.com\/\",\"name\":\"SamuelMorett.com\",\"description\":\"Astr\u00f3logo y Consultor Integral que ofrece terapias alternativas como astrolog\u00eda psicol\u00f3gica, constelaciones familiares, reiki y renacimiento.\",\"publisher\":{\"@id\":\"https:\/\/samuelmorett.com\/#organization\"},\"potentialAction\":[{\"@type\":\"SearchAction\",\"target\":{\"@type\":\"EntryPoint\",\"urlTemplate\":\"https:\/\/samuelmorett.com\/?s={search_term_string}\"},\"query-input\":{\"@type\":\"PropertyValueSpecification\",\"valueRequired\":true,\"valueName\":\"search_term_string\"}}],\"inLanguage\":\"en-US\"},{\"@type\":\"Organization\",\"@id\":\"https:\/\/samuelmorett.com\/#organization\",\"name\":\"SamuelMorett.com\",\"url\":\"https:\/\/samuelmorett.com\/\",\"logo\":{\"@type\":\"ImageObject\",\"inLanguage\":\"en-US\",\"@id\":\"https:\/\/samuelmorett.com\/#\/schema\/logo\/image\/\",\"url\":\"\",\"contentUrl\":\"\",\"caption\":\"SamuelMorett.com\"},\"image\":{\"@id\":\"https:\/\/samuelmorett.com\/#\/schema\/logo\/image\/\"}}]}<\/script>\n<!-- \/ Yoast SEO plugin. -->","yoast_head_json":{"title":"Reiki - SamuelMorett.com","robots":{"index":"index","follow":"follow","max-snippet":"max-snippet:-1","max-image-preview":"max-image-preview:large","max-video-preview":"max-video-preview:-1"},"canonical":"https:\/\/samuelmorett.com\/services\/reiki-2\/","og_locale":"en_US","og_type":"article","og_title":"Reiki - SamuelMorett.com","og_url":"https:\/\/samuelmorett.com\/services\/reiki-2\/","og_site_name":"SamuelMorett.com","article_modified_time":"2011-02-13T23:34:49+00:00","twitter_card":"summary_large_image","twitter_misc":{"Est. reading time":"1 minute"},"schema":{"@context":"https:\/\/schema.org","@graph":[{"@type":"WebPage","@id":"https:\/\/samuelmorett.com\/services\/reiki-2\/","url":"https:\/\/samuelmorett.com\/services\/reiki-2\/","name":"Reiki - SamuelMorett.com","isPartOf":{"@id":"https:\/\/samuelmorett.com\/#website"},"datePublished":"2010-11-25T06:51:00+00:00","dateModified":"2011-02-13T23:34:49+00:00","breadcrumb":{"@id":"https:\/\/samuelmorett.com\/services\/reiki-2\/#breadcrumb"},"inLanguage":"en-US","potentialAction":[{"@type":"ReadAction","target":["https:\/\/samuelmorett.com\/services\/reiki-2\/"]}]},{"@type":"BreadcrumbList","@id":"https:\/\/samuelmorett.com\/services\/reiki-2\/#breadcrumb","itemListElement":[{"@type":"ListItem","position":1,"name":"Home","item":"https:\/\/samuelmorett.com\/"},{"@type":"ListItem","position":2,"name":"Servicios (old)","item":"https:\/\/samuelmorett.com\/services\/"},{"@type":"ListItem","position":3,"name":"Reiki"}]},{"@type":"WebSite","@id":"https:\/\/samuelmorett.com\/#website","url":"https:\/\/samuelmorett.com\/","name":"SamuelMorett.com","description":"Astr\u00f3logo y Consultor Integral que ofrece terapias alternativas como astrolog\u00eda psicol\u00f3gica, constelaciones familiares, reiki y renacimiento.","publisher":{"@id":"https:\/\/samuelmorett.com\/#organization"},"potentialAction":[{"@type":"SearchAction","target":{"@type":"EntryPoint","urlTemplate":"https:\/\/samuelmorett.com\/?s={search_term_string}"},"query-input":{"@type":"PropertyValueSpecification","valueRequired":true,"valueName":"search_term_string"}}],"inLanguage":"en-US"},{"@type":"Organization","@id":"https:\/\/samuelmorett.com\/#organization","name":"SamuelMorett.com","url":"https:\/\/samuelmorett.com\/","logo":{"@type":"ImageObject","inLanguage":"en-US","@id":"https:\/\/samuelmorett.com\/#\/schema\/logo\/image\/","url":"","contentUrl":"","caption":"SamuelMorett.com"},"image":{"@id":"https:\/\/samuelmorett.com\/#\/schema\/logo\/image\/"}}]}},"_links":{"self":[{"href":"https:\/\/samuelmorett.com\/en\/wp-json\/wp\/v2\/pages\/59","targetHints":{"allow":["GET"]}}],"collection":[{"href":"https:\/\/samuelmorett.com\/en\/wp-json\/wp\/v2\/pages"}],"about":[{"href":"https:\/\/samuelmorett.com\/en\/wp-json\/wp\/v2\/types\/page"}],"author":[{"embeddable":true,"href":"https:\/\/samuelmorett.com\/en\/wp-json\/wp\/v2\/users\/1"}],"replies":[{"embeddable":true,"href":"https:\/\/samuelmorett.com\/en\/wp-json\/wp\/v2\/comments?post=59"}],"version-history":[{"count":5,"href":"https:\/\/samuelmorett.com\/en\/wp-json\/wp\/v2\/pages\/59\/revisions"}],"predecessor-version":[{"id":369,"href":"https:\/\/samuelmorett.com\/en\/wp-json\/wp\/v2\/pages\/59\/revisions\/369"}],"up":[{"embeddable":true,"href":"https:\/\/samuelmorett.com\/en\/wp-json\/wp\/v2\/pages\/31"}],"wp:attachment":[{"href":"https:\/\/samuelmorett.com\/en\/wp-json\/wp\/v2\/media?parent=59"}],"curies":[{"name":"wp","href":"https:\/\/api.w.org\/{rel}","templated":true}]}}