{"id":4195,"date":"2024-11-12T14:51:23","date_gmt":"2024-11-12T14:51:23","guid":{"rendered":"https:\/\/samuelmorett.com\/membership-plans\/"},"modified":"2024-11-18T18:47:59","modified_gmt":"2024-11-18T18:47:59","slug":"membership-plans","status":"publish","type":"page","link":"https:\/\/samuelmorett.com\/en\/membership-plans\/","title":{"rendered":"Membership Plans"},"content":{"rendered":"<p>[vc_row][vc_column][vc_column_text]<\/p>\r\n<div class=\"wp-block-cover alignwide has-background-dim has-background-gradient\" style=\"background: linear-gradient(153deg,#0659e5 35%,#9b51e0 80%); min-height: 722px;aspect-ratio:unset;\">\r\n<div class=\"wp-block-cover__inner-container is-layout-flow wp-block-cover-is-layout-flow\">\r\n<h2 class=\"has-text-align-center has-white-color has-text-color wp-block-heading\"><strong><em>One Membership, Many Benefits<\/em><\/strong><\/h2>\r\n\r\n\r\n\r\n<div class=\"wp-block-group\">\r\n<div class=\"wp-block-group__inner-container is-layout-flow wp-block-group-is-layout-flow\">\r\n<div class=\"wps_mfw_membership_front_page\">\r\n<div class=\"wps_membership_plan_content_title\">[wps_membership_title]<\/div>\r\n<div class=\"wps_membership_plan_content_price\">[wps_membership_price]<\/div>\r\n<div class=\"wps_membership_plan_content_desc\">[wps_membership_desc]<\/div>\r\n<div class=\"wps_mfw_buy_button\">[wps_membership_buy_now] [wps_membership_no]<\/div>\r\n<\/div>\r\n<\/div>\r\n<\/div>\r\n<\/div>\r\n<\/div>\r\n\r\n<p>&nbsp;<\/p>\r\n<p>[\/vc_column_text][\/vc_column][\/vc_row]<\/p>","protected":false},"excerpt":{"rendered":"<p>[vc_row][vc_column][vc_column_text] &nbsp; [\/vc_column_text][\/vc_column][\/vc_row]<\/p>\n","protected":false},"author":1,"featured_media":0,"parent":0,"menu_order":0,"comment_status":"closed","ping_status":"closed","template":"","meta":{"neve_meta_sidebar":"","neve_meta_container":"","neve_meta_enable_content_width":"off","neve_meta_content_width":100,"neve_meta_title_alignment":"","neve_meta_author_avatar":"","neve_post_elements_order":"","neve_meta_disable_header":"","neve_meta_disable_footer":"","neve_meta_disable_title":"","neve_meta_reading_time":"","footnotes":""},"class_list":["post-4195","page","type-page","status-publish","hentry"],"translation":{"provider":"WPGlobus","version":"3.0.2","language":"en","enabled_languages":["es","en"],"languages":{"es":{"title":true,"content":true,"excerpt":false},"en":{"title":false,"content":false,"excerpt":false}}},"yoast_head":"<!-- This site is optimized with the Yoast SEO plugin v26.8 - https:\/\/yoast.com\/product\/yoast-seo-wordpress\/ -->\n<title>Membership Plans - SamuelMorett.com<\/title>\n<meta name=\"robots\" content=\"index, follow, max-snippet:-1, max-image-preview:large, max-video-preview:-1\" \/>\n<link rel=\"canonical\" href=\"https:\/\/samuelmorett.com\/membership-plans\/\" \/>\n<meta property=\"og:locale\" content=\"en_US\" \/>\n<meta property=\"og:type\" content=\"article\" \/>\n<meta property=\"og:title\" content=\"Membership Plans - SamuelMorett.com\" \/>\n<meta property=\"og:url\" content=\"https:\/\/samuelmorett.com\/membership-plans\/\" \/>\n<meta property=\"og:site_name\" content=\"SamuelMorett.com\" \/>\n<meta property=\"article:modified_time\" content=\"2024-11-18T18:47:59+00:00\" \/>\n<meta name=\"twitter:card\" content=\"summary_large_image\" \/>\n<meta name=\"twitter:label1\" content=\"Est. reading time\" \/>\n\t<meta name=\"twitter:data1\" content=\"1 minute\" \/>\n<script type=\"application\/ld+json\" class=\"yoast-schema-graph\">{\"@context\":\"https:\/\/schema.org\",\"@graph\":[{\"@type\":\"WebPage\",\"@id\":\"https:\/\/samuelmorett.com\/membership-plans\/\",\"url\":\"https:\/\/samuelmorett.com\/membership-plans\/\",\"name\":\"Membership Plans - SamuelMorett.com\",\"isPartOf\":{\"@id\":\"https:\/\/samuelmorett.com\/#website\"},\"datePublished\":\"2024-11-12T14:51:23+00:00\",\"dateModified\":\"2024-11-18T18:47:59+00:00\",\"breadcrumb\":{\"@id\":\"https:\/\/samuelmorett.com\/membership-plans\/#breadcrumb\"},\"inLanguage\":\"en-US\",\"potentialAction\":[{\"@type\":\"ReadAction\",\"target\":[\"https:\/\/samuelmorett.com\/membership-plans\/\"]}]},{\"@type\":\"BreadcrumbList\",\"@id\":\"https:\/\/samuelmorett.com\/membership-plans\/#breadcrumb\",\"itemListElement\":[{\"@type\":\"ListItem\",\"position\":1,\"name\":\"Home\",\"item\":\"https:\/\/samuelmorett.com\/\"},{\"@type\":\"ListItem\",\"position\":2,\"name\":\"Membership Plans\"}]},{\"@type\":\"WebSite\",\"@id\":\"https:\/\/samuelmorett.com\/#website\",\"url\":\"https:\/\/samuelmorett.com\/\",\"name\":\"SamuelMorett.com\",\"description\":\"Astr\u00f3logo y Consultor Integral que ofrece terapias alternativas como astrolog\u00eda psicol\u00f3gica, constelaciones familiares, reiki y renacimiento.\",\"publisher\":{\"@id\":\"https:\/\/samuelmorett.com\/#organization\"},\"potentialAction\":[{\"@type\":\"SearchAction\",\"target\":{\"@type\":\"EntryPoint\",\"urlTemplate\":\"https:\/\/samuelmorett.com\/?s={search_term_string}\"},\"query-input\":{\"@type\":\"PropertyValueSpecification\",\"valueRequired\":true,\"valueName\":\"search_term_string\"}}],\"inLanguage\":\"en-US\"},{\"@type\":\"Organization\",\"@id\":\"https:\/\/samuelmorett.com\/#organization\",\"name\":\"SamuelMorett.com\",\"url\":\"https:\/\/samuelmorett.com\/\",\"logo\":{\"@type\":\"ImageObject\",\"inLanguage\":\"en-US\",\"@id\":\"https:\/\/samuelmorett.com\/#\/schema\/logo\/image\/\",\"url\":\"\",\"contentUrl\":\"\",\"caption\":\"SamuelMorett.com\"},\"image\":{\"@id\":\"https:\/\/samuelmorett.com\/#\/schema\/logo\/image\/\"}}]}<\/script>\n<!-- \/ Yoast SEO plugin. -->","yoast_head_json":{"title":"Membership Plans - SamuelMorett.com","robots":{"index":"index","follow":"follow","max-snippet":"max-snippet:-1","max-image-preview":"max-image-preview:large","max-video-preview":"max-video-preview:-1"},"canonical":"https:\/\/samuelmorett.com\/membership-plans\/","og_locale":"en_US","og_type":"article","og_title":"Membership Plans - SamuelMorett.com","og_url":"https:\/\/samuelmorett.com\/membership-plans\/","og_site_name":"SamuelMorett.com","article_modified_time":"2024-11-18T18:47:59+00:00","twitter_card":"summary_large_image","twitter_misc":{"Est. reading time":"1 minute"},"schema":{"@context":"https:\/\/schema.org","@graph":[{"@type":"WebPage","@id":"https:\/\/samuelmorett.com\/membership-plans\/","url":"https:\/\/samuelmorett.com\/membership-plans\/","name":"Membership Plans - SamuelMorett.com","isPartOf":{"@id":"https:\/\/samuelmorett.com\/#website"},"datePublished":"2024-11-12T14:51:23+00:00","dateModified":"2024-11-18T18:47:59+00:00","breadcrumb":{"@id":"https:\/\/samuelmorett.com\/membership-plans\/#breadcrumb"},"inLanguage":"en-US","potentialAction":[{"@type":"ReadAction","target":["https:\/\/samuelmorett.com\/membership-plans\/"]}]},{"@type":"BreadcrumbList","@id":"https:\/\/samuelmorett.com\/membership-plans\/#breadcrumb","itemListElement":[{"@type":"ListItem","position":1,"name":"Home","item":"https:\/\/samuelmorett.com\/"},{"@type":"ListItem","position":2,"name":"Membership Plans"}]},{"@type":"WebSite","@id":"https:\/\/samuelmorett.com\/#website","url":"https:\/\/samuelmorett.com\/","name":"SamuelMorett.com","description":"Astr\u00f3logo y Consultor Integral que ofrece terapias alternativas como astrolog\u00eda psicol\u00f3gica, constelaciones familiares, reiki y renacimiento.","publisher":{"@id":"https:\/\/samuelmorett.com\/#organization"},"potentialAction":[{"@type":"SearchAction","target":{"@type":"EntryPoint","urlTemplate":"https:\/\/samuelmorett.com\/?s={search_term_string}"},"query-input":{"@type":"PropertyValueSpecification","valueRequired":true,"valueName":"search_term_string"}}],"inLanguage":"en-US"},{"@type":"Organization","@id":"https:\/\/samuelmorett.com\/#organization","name":"SamuelMorett.com","url":"https:\/\/samuelmorett.com\/","logo":{"@type":"ImageObject","inLanguage":"en-US","@id":"https:\/\/samuelmorett.com\/#\/schema\/logo\/image\/","url":"","contentUrl":"","caption":"SamuelMorett.com"},"image":{"@id":"https:\/\/samuelmorett.com\/#\/schema\/logo\/image\/"}}]}},"_links":{"self":[{"href":"https:\/\/samuelmorett.com\/en\/wp-json\/wp\/v2\/pages\/4195","targetHints":{"allow":["GET"]}}],"collection":[{"href":"https:\/\/samuelmorett.com\/en\/wp-json\/wp\/v2\/pages"}],"about":[{"href":"https:\/\/samuelmorett.com\/en\/wp-json\/wp\/v2\/types\/page"}],"author":[{"embeddable":true,"href":"https:\/\/samuelmorett.com\/en\/wp-json\/wp\/v2\/users\/1"}],"replies":[{"embeddable":true,"href":"https:\/\/samuelmorett.com\/en\/wp-json\/wp\/v2\/comments?post=4195"}],"version-history":[{"count":2,"href":"https:\/\/samuelmorett.com\/en\/wp-json\/wp\/v2\/pages\/4195\/revisions"}],"predecessor-version":[{"id":4218,"href":"https:\/\/samuelmorett.com\/en\/wp-json\/wp\/v2\/pages\/4195\/revisions\/4218"}],"wp:attachment":[{"href":"https:\/\/samuelmorett.com\/en\/wp-json\/wp\/v2\/media?parent=4195"}],"curies":[{"name":"wp","href":"https:\/\/api.w.org\/{rel}","templated":true}]}}