{"id":264,"date":"2011-02-09T20:04:51","date_gmt":"2011-02-09T20:04:51","guid":{"rendered":"http:\/\/www.samuelmorett.net\/"},"modified":"2011-03-07T15:32:06","modified_gmt":"2011-03-07T15:32:06","slug":"talleres-y-conferencias","status":"publish","type":"page","link":"https:\/\/samuelmorett.com\/en\/services\/talleres-y-conferencias\/","title":{"rendered":"Talleres y Conferencias"},"content":{"rendered":"<p>A lo largo de mi carrera, mi socia <a href=\"http:\/\/audreyblanco.com\/\">Audrey Blanco<\/a> y yo hemos organizado conferencias, talleres y charlas con el obejtivo de mostrarle a la gente&#8230;.<\/p>\n<p>&#8211; Boost your Succes in 2011. January 2011, LGBT Center. NYC<br \/>\n&#8211; Family and Love II, Family Constellations Workshop. January 2011. HAF. NYC<br \/>\n&#8211; Family and Love I, Family Constelations Workshop. November 2010, HAF, NYC<br \/>\n&#8211; Astrologia Sistemica. July 2010, Venezuela<br \/>\n&#8211; Venezuela Audrey.2010<br \/>\n&#8211; Colombia.2010<br \/>\n&#8211; Mexico.2010<br \/>\n&#8211; Miami.2010<br \/>\n&#8211; NYC 2010<br \/>\n&#8211; Convivencia, Los Roques, 2009.<br \/>\n&#8211; Venezuela 2009<br \/>\n&#8211; Mexico 2099<br \/>\n&#8211; Miami 2009<br \/>\n&#8211; Constelaciones Familiares. New York, 2009.<br \/>\n&#8211; Convivencia, Los Roques, Venezuela 2008.<br \/>\n&#8211; Regreso a casa, regreso al Amor. Venezuela 2008<br \/>\n&#8211; Mexico 2008<br \/>\n&#8211; Miami 2008<\/p>\n","protected":false},"excerpt":{"rendered":"<p>A lo largo de mi carrera, mi socia Audrey Blanco y yo hemos organizado conferencias, talleres y charlas con el obejtivo de mostrarle a la gente&#8230;. &#8211; Boost your Succes in 2011. January 2011, LGBT Center. NYC &#8211; Family and Love II, Family Constellations Workshop. January 2011. HAF. NYC &#8211; Family and Love I, Family&hellip;&nbsp;<a href=\"https:\/\/samuelmorett.com\/en\/services\/talleres-y-conferencias\/\" rel=\"bookmark\">Read More &raquo;<span class=\"screen-reader-text\">Talleres y Conferencias<\/span><\/a><\/p>\n","protected":false},"author":1,"featured_media":0,"parent":31,"menu_order":4,"comment_status":"open","ping_status":"closed","template":"","meta":{"neve_meta_sidebar":"","neve_meta_container":"","neve_meta_enable_content_width":"","neve_meta_content_width":0,"neve_meta_title_alignment":"","neve_meta_author_avatar":"","neve_post_elements_order":"","neve_meta_disable_header":"","neve_meta_disable_footer":"","neve_meta_disable_title":"","neve_meta_reading_time":"","footnotes":""},"class_list":["post-264","page","type-page","status-publish","hentry"],"translation":{"provider":"WPGlobus","version":"3.0.2","language":"en","enabled_languages":["es","en"],"languages":{"es":{"title":true,"content":true,"excerpt":false},"en":{"title":false,"content":false,"excerpt":false}}},"yoast_head":"<!-- This site is optimized with the Yoast SEO plugin v26.8 - https:\/\/yoast.com\/product\/yoast-seo-wordpress\/ -->\n<title>Talleres y Conferencias - SamuelMorett.com<\/title>\n<meta name=\"robots\" content=\"index, follow, max-snippet:-1, max-image-preview:large, max-video-preview:-1\" \/>\n<link rel=\"canonical\" href=\"https:\/\/samuelmorett.com\/services\/talleres-y-conferencias\/\" \/>\n<meta property=\"og:locale\" content=\"en_US\" \/>\n<meta property=\"og:type\" content=\"article\" \/>\n<meta property=\"og:title\" content=\"Talleres y Conferencias - SamuelMorett.com\" \/>\n<meta property=\"og:url\" content=\"https:\/\/samuelmorett.com\/services\/talleres-y-conferencias\/\" \/>\n<meta property=\"og:site_name\" content=\"SamuelMorett.com\" \/>\n<meta property=\"article:modified_time\" content=\"2011-03-07T15:32:06+00:00\" \/>\n<meta name=\"twitter:card\" content=\"summary_large_image\" \/>\n<meta name=\"twitter:label1\" content=\"Est. reading time\" \/>\n\t<meta name=\"twitter:data1\" content=\"1 minute\" \/>\n<script type=\"application\/ld+json\" class=\"yoast-schema-graph\">{\"@context\":\"https:\/\/schema.org\",\"@graph\":[{\"@type\":\"WebPage\",\"@id\":\"https:\/\/samuelmorett.com\/services\/talleres-y-conferencias\/\",\"url\":\"https:\/\/samuelmorett.com\/services\/talleres-y-conferencias\/\",\"name\":\"Talleres y Conferencias - SamuelMorett.com\",\"isPartOf\":{\"@id\":\"https:\/\/samuelmorett.com\/#website\"},\"datePublished\":\"2011-02-09T20:04:51+00:00\",\"dateModified\":\"2011-03-07T15:32:06+00:00\",\"breadcrumb\":{\"@id\":\"https:\/\/samuelmorett.com\/services\/talleres-y-conferencias\/#breadcrumb\"},\"inLanguage\":\"en-US\",\"potentialAction\":[{\"@type\":\"ReadAction\",\"target\":[\"https:\/\/samuelmorett.com\/services\/talleres-y-conferencias\/\"]}]},{\"@type\":\"BreadcrumbList\",\"@id\":\"https:\/\/samuelmorett.com\/services\/talleres-y-conferencias\/#breadcrumb\",\"itemListElement\":[{\"@type\":\"ListItem\",\"position\":1,\"name\":\"Home\",\"item\":\"https:\/\/samuelmorett.com\/\"},{\"@type\":\"ListItem\",\"position\":2,\"name\":\"Servicios (old)\",\"item\":\"https:\/\/samuelmorett.com\/services\/\"},{\"@type\":\"ListItem\",\"position\":3,\"name\":\"Talleres y Conferencias\"}]},{\"@type\":\"WebSite\",\"@id\":\"https:\/\/samuelmorett.com\/#website\",\"url\":\"https:\/\/samuelmorett.com\/\",\"name\":\"SamuelMorett.com\",\"description\":\"Astr\u00f3logo y Consultor Integral que ofrece terapias alternativas como astrolog\u00eda psicol\u00f3gica, constelaciones familiares, reiki y renacimiento.\",\"publisher\":{\"@id\":\"https:\/\/samuelmorett.com\/#organization\"},\"potentialAction\":[{\"@type\":\"SearchAction\",\"target\":{\"@type\":\"EntryPoint\",\"urlTemplate\":\"https:\/\/samuelmorett.com\/?s={search_term_string}\"},\"query-input\":{\"@type\":\"PropertyValueSpecification\",\"valueRequired\":true,\"valueName\":\"search_term_string\"}}],\"inLanguage\":\"en-US\"},{\"@type\":\"Organization\",\"@id\":\"https:\/\/samuelmorett.com\/#organization\",\"name\":\"SamuelMorett.com\",\"url\":\"https:\/\/samuelmorett.com\/\",\"logo\":{\"@type\":\"ImageObject\",\"inLanguage\":\"en-US\",\"@id\":\"https:\/\/samuelmorett.com\/#\/schema\/logo\/image\/\",\"url\":\"\",\"contentUrl\":\"\",\"caption\":\"SamuelMorett.com\"},\"image\":{\"@id\":\"https:\/\/samuelmorett.com\/#\/schema\/logo\/image\/\"}}]}<\/script>\n<!-- \/ Yoast SEO plugin. -->","yoast_head_json":{"title":"Talleres y Conferencias - SamuelMorett.com","robots":{"index":"index","follow":"follow","max-snippet":"max-snippet:-1","max-image-preview":"max-image-preview:large","max-video-preview":"max-video-preview:-1"},"canonical":"https:\/\/samuelmorett.com\/services\/talleres-y-conferencias\/","og_locale":"en_US","og_type":"article","og_title":"Talleres y Conferencias - SamuelMorett.com","og_url":"https:\/\/samuelmorett.com\/services\/talleres-y-conferencias\/","og_site_name":"SamuelMorett.com","article_modified_time":"2011-03-07T15:32:06+00:00","twitter_card":"summary_large_image","twitter_misc":{"Est. reading time":"1 minute"},"schema":{"@context":"https:\/\/schema.org","@graph":[{"@type":"WebPage","@id":"https:\/\/samuelmorett.com\/services\/talleres-y-conferencias\/","url":"https:\/\/samuelmorett.com\/services\/talleres-y-conferencias\/","name":"Talleres y Conferencias - SamuelMorett.com","isPartOf":{"@id":"https:\/\/samuelmorett.com\/#website"},"datePublished":"2011-02-09T20:04:51+00:00","dateModified":"2011-03-07T15:32:06+00:00","breadcrumb":{"@id":"https:\/\/samuelmorett.com\/services\/talleres-y-conferencias\/#breadcrumb"},"inLanguage":"en-US","potentialAction":[{"@type":"ReadAction","target":["https:\/\/samuelmorett.com\/services\/talleres-y-conferencias\/"]}]},{"@type":"BreadcrumbList","@id":"https:\/\/samuelmorett.com\/services\/talleres-y-conferencias\/#breadcrumb","itemListElement":[{"@type":"ListItem","position":1,"name":"Home","item":"https:\/\/samuelmorett.com\/"},{"@type":"ListItem","position":2,"name":"Servicios (old)","item":"https:\/\/samuelmorett.com\/services\/"},{"@type":"ListItem","position":3,"name":"Talleres y Conferencias"}]},{"@type":"WebSite","@id":"https:\/\/samuelmorett.com\/#website","url":"https:\/\/samuelmorett.com\/","name":"SamuelMorett.com","description":"Astr\u00f3logo y Consultor Integral que ofrece terapias alternativas como astrolog\u00eda psicol\u00f3gica, constelaciones familiares, reiki y renacimiento.","publisher":{"@id":"https:\/\/samuelmorett.com\/#organization"},"potentialAction":[{"@type":"SearchAction","target":{"@type":"EntryPoint","urlTemplate":"https:\/\/samuelmorett.com\/?s={search_term_string}"},"query-input":{"@type":"PropertyValueSpecification","valueRequired":true,"valueName":"search_term_string"}}],"inLanguage":"en-US"},{"@type":"Organization","@id":"https:\/\/samuelmorett.com\/#organization","name":"SamuelMorett.com","url":"https:\/\/samuelmorett.com\/","logo":{"@type":"ImageObject","inLanguage":"en-US","@id":"https:\/\/samuelmorett.com\/#\/schema\/logo\/image\/","url":"","contentUrl":"","caption":"SamuelMorett.com"},"image":{"@id":"https:\/\/samuelmorett.com\/#\/schema\/logo\/image\/"}}]}},"_links":{"self":[{"href":"https:\/\/samuelmorett.com\/en\/wp-json\/wp\/v2\/pages\/264","targetHints":{"allow":["GET"]}}],"collection":[{"href":"https:\/\/samuelmorett.com\/en\/wp-json\/wp\/v2\/pages"}],"about":[{"href":"https:\/\/samuelmorett.com\/en\/wp-json\/wp\/v2\/types\/page"}],"author":[{"embeddable":true,"href":"https:\/\/samuelmorett.com\/en\/wp-json\/wp\/v2\/users\/1"}],"replies":[{"embeddable":true,"href":"https:\/\/samuelmorett.com\/en\/wp-json\/wp\/v2\/comments?post=264"}],"version-history":[{"count":10,"href":"https:\/\/samuelmorett.com\/en\/wp-json\/wp\/v2\/pages\/264\/revisions"}],"predecessor-version":[{"id":594,"href":"https:\/\/samuelmorett.com\/en\/wp-json\/wp\/v2\/pages\/264\/revisions\/594"}],"up":[{"embeddable":true,"href":"https:\/\/samuelmorett.com\/en\/wp-json\/wp\/v2\/pages\/31"}],"wp:attachment":[{"href":"https:\/\/samuelmorett.com\/en\/wp-json\/wp\/v2\/media?parent=264"}],"curies":[{"name":"wp","href":"https:\/\/api.w.org\/{rel}","templated":true}]}}