{"id":2128,"date":"2016-01-06T21:11:54","date_gmt":"2016-01-06T21:11:54","guid":{"rendered":"https:\/\/samuelmorett.com?page_id=2128"},"modified":"2023-03-13T12:25:56","modified_gmt":"2023-03-13T12:25:56","slug":"mi-experiencia","status":"publish","type":"page","link":"https:\/\/samuelmorett.com\/en\/mi-experiencia\/","title":{"rendered":"My Experience"},"content":{"rendered":"<p>[vc_row][vc_column width=&#8221;1\/2&#8243;][vc_single_image image=&#8221;1259&#8243; img_size=&#8221;large&#8221;][vc_custom_heading text=&#8221;Education&#8221; font_container=&#8221;tag:h2|text_align:left|color:%23407c00&#8243; google_fonts=&#8221;font_family:Lato%3A100%2C100italic%2C300%2C300italic%2Cregular%2Citalic%2C700%2C700italic%2C900%2C900italic|font_style:400%20regular%3A400%3Anormal&#8221;][vc_separator border_width=&#8221;2&#8243;][vc_column_text]2015 &#8211; Present \u00a0 \u00a0 \u00a0 \u00a0 \u00a0 \u00a0 \u00a0 \u00a0<strong>Kabbalah Studies, <\/strong><\/p>\n<p><strong>\u00a0\u00a0\u00a0\u00a0\u00a0\u00a0\u00a0\u00a0\u00a0\u00a0 \u00a0\u00a0\u00a0\u00a0\u00a0\u00a0\u00a0\u00a0\u00a0\u00a0\u00a0 <\/strong>Kabbalah Center New York, New York<\/p>\n<p>2012\u00a0\u00a0 \u00a0\u00a0\u00a0\u00a0\u00a0\u00a0\u00a0\u00a0\u00a0\u00a0\u00a0 <strong>Neuro Linguistic Programing<\/strong><\/p>\n<p><strong>\u00a0\u00a0\u00a0\u00a0\u00a0\u00a0\u00a0\u00a0\u00a0\u00a0 \u00a0\u00a0\u00a0\u00a0\u00a0\u00a0\u00a0\u00a0\u00a0\u00a0\u00a0\u00a0 <\/strong>The international Center for Positive\u00a0Changes, New York, New York.<\/p>\n<p>2008-2011 \u00a0\u00a0\u00a0\u00a0\u00a0 <strong>Family Constellations Certification<\/strong><\/p>\n<p>Hellinger Science, Mexico City and\u00a0New York<\/p>\n<p>1995 \u00a0\u00a0\u00a0\u00a0\u00a0\u00a0\u00a0\u00a0\u00a0\u00a0\u00a0\u00a0\u00a0\u00a0 <strong>Rebirthing Certification<\/strong><\/p>\n<p>School of Rebirthing, Venezuela and Spain<\/p>\n<p>1993- 1994\u00a0\u00a0\u00a0\u00a0\u00a0 S<strong>econd Degree Official Reiki Program<\/strong><\/p>\n<p>The Radiance Technique Center. Caracas Venezuela<\/p>\n<p>1993\u00a0\u00a0\u00a0 \u00a0\u00a0\u00a0\u00a0\u00a0\u00a0\u00a0\u00a0\u00a0\u00a0 <strong>Certificated Psychological Astrology<\/strong><\/p>\n<p>Institute of Modern Astrology. Caracas, Venezuela<\/p>\n<p>1989\u20131993\u00a0\u00a0\u00a0\u00a0\u00a0 <strong>Arts and Psychology training.<\/strong> Central University of Venezuela[\/vc_column_text][vc_custom_heading text=&#8221;Skills&#8221; font_container=&#8221;tag:h2|text_align:left|color:%23407c00&#8243; google_fonts=&#8221;font_family:Lato%3A100%2C100italic%2C300%2C300italic%2Cregular%2Citalic%2C700%2C700italic%2C900%2C900italic|font_style:400%20regular%3A400%3Anormal&#8221;][vc_separator border_width=&#8221;2&#8243;][vc_column_text]- Languages: Spanish (native), English (fluent)<br \/>\n&#8211; Groups Facilitator<br \/>\n&#8211; Effective Communication Skills[\/vc_column_text][\/vc_column][vc_column width=&#8221;1\/2&#8243;][vc_custom_heading text=&#8221;Profile&#8221; font_container=&#8221;tag:h2|text_align:left|color:%23407c00&#8243; google_fonts=&#8221;font_family:Lato%3A100%2C100italic%2C300%2C300italic%2Cregular%2Citalic%2C700%2C700italic%2C900%2C900italic|font_style:400%20regular%3A400%3Anormal&#8221;][vc_separator border_width=&#8221;2&#8243;][vc_column_text]<\/p>\n<p class=\"p1\">I am a Holistic Strategist born in Venezuela. I have dedicated the last 25 years of my life to learning, understanding, and contributing in the field of emotional, physical, and spiritual health. Through tools such as Systemic Astrogenealogy and Family Constellations, I support my clients to live to their full potential.<\/p>\n<p>[\/vc_column_text][vc_custom_heading text=&#8221;Professional experience&#8221; font_container=&#8221;tag:h2|text_align:left|color:%23407c00&#8243; google_fonts=&#8221;font_family:Lato%3A100%2C100italic%2C300%2C300italic%2Cregular%2Citalic%2C700%2C700italic%2C900%2C900italic|font_style:400%20regular%3A400%3Anormal&#8221;][vc_separator border_width=&#8221;2&#8243;][vc_column_text]<strong>2015-2018\u00a0\u00a0\u00a0 \u00a0\u00a0\u00a0\u00a0\u00a0\u00a0\u00a0\u00a0\u00a0\u00a0\u00a0 Self- employed as a facilitator of the \u201cSoul Talk\u201d group<\/strong><\/p>\n<ul>\n<li>Planning, development of a weekly meditation\/chakra process group.<\/li>\n<\/ul>\n<p><strong>2014-2019\u00a0\u00a0\u00a0\u00a0\u00a0\u00a0\u00a0\u00a0\u00a0\u00a0\u00a0 Co- facilitator of \u201cDialogo por Amor a Venezuela\u201d<\/strong><\/p>\n<ul>\n<li>\u00a0\u00a0 Co-founder and co-facilitator of a weekly Immigrants support group.<\/li>\n<\/ul>\n<p><strong>2011- Present Self-employed as private practitioner of Family Constellations and Systemic Astrology.<\/strong><\/p>\n<ul>\n<li>Organize and facilitate workshops<\/li>\n<li>Provide individual sessions<\/li>\n<li>Work with families and couples relationships<\/li>\n<li>Interventions with Corporate business\u2019 employees.<\/li>\n<li>Work in partnership with professionals of the Behavioral Health Field.<\/li>\n<\/ul>\n<p><strong>2000 \u2013 present \u00a0TELEMUNDO TV Network. UNIVISION TV Network. PEOPLE EN ESPANOL TV Network. New York Headquarters. \u00a0 \u00a0 \u00a0\u00a0<\/strong><\/p>\n<p><strong> Wellness Anchor<\/strong><\/p>\n<ul>\n<li>Writer, producer and anchor of a TV segments related to the Spanish Speaking<\/li>\n<\/ul>\n<p>Community Well-Being<\/p>\n<ul>\n<li>Interviews with different specialists in the area of Healing and Well Being<\/li>\n<\/ul>\n<p>(i.e.: Yoga Teachers, Meditation Masters and Acupuncturists)<\/p>\n<p><strong>\u00a01993 &#8211; 2000\u00a0\u00a0\u00a0 Sananda Foundation. Caracas Venezuela\u00a0\u00a0\u00a0\u00a0\u00a0\u00a0\u00a0\u00a0 <\/strong><\/p>\n<ul>\n<li>\u00a0\u00a0 Co-founder and developer the Rebirthing Foundation in Venezuela.<\/li>\n<li>Organizer and Facilitator of Rebirthing workshops and Individual sessions.<\/li>\n<li>Administrative assistant: Scheduling, billing, etc.<\/li>\n<\/ul>\n<p>[\/vc_column_text][\/vc_column][\/vc_row]<\/p>\n","protected":false},"excerpt":{"rendered":"<p>[vc_row][vc_column width=&#8221;1\/2&#8243;][vc_single_image image=&#8221;1259&#8243; img_size=&#8221;large&#8221;][vc_custom_heading text=&#8221;Education&#8221; font_container=&#8221;tag:h2|text_align:left|color:%23407c00&#8243; google_fonts=&#8221;font_family:Lato%3A100%2C100italic%2C300%2C300italic%2Cregular%2Citalic%2C700%2C700italic%2C900%2C900italic|font_style:400%20regular%3A400%3Anormal&#8221;][vc_separator border_width=&#8221;2&#8243;][vc_column_text]2015 &#8211; Present \u00a0 \u00a0 \u00a0 \u00a0 \u00a0 \u00a0 \u00a0 \u00a0Kabbalah Studies, \u00a0\u00a0\u00a0\u00a0\u00a0\u00a0\u00a0\u00a0\u00a0\u00a0 \u00a0\u00a0\u00a0\u00a0\u00a0\u00a0\u00a0\u00a0\u00a0\u00a0\u00a0 Kabbalah Center New York, New York 2012\u00a0\u00a0 \u00a0\u00a0\u00a0\u00a0\u00a0\u00a0\u00a0\u00a0\u00a0\u00a0\u00a0 Neuro Linguistic Programing \u00a0\u00a0\u00a0\u00a0\u00a0\u00a0\u00a0\u00a0\u00a0\u00a0 \u00a0\u00a0\u00a0\u00a0\u00a0\u00a0\u00a0\u00a0\u00a0\u00a0\u00a0\u00a0 The international Center for Positive\u00a0Changes, New York, New York. 2008-2011 \u00a0\u00a0\u00a0\u00a0\u00a0 Family Constellations Certification Hellinger Science, Mexico City and\u00a0New York 1995&hellip;&nbsp;<a href=\"https:\/\/samuelmorett.com\/en\/mi-experiencia\/\" rel=\"bookmark\">Read More &raquo;<span class=\"screen-reader-text\">My Experience<\/span><\/a><\/p>\n","protected":false},"author":1,"featured_media":0,"parent":0,"menu_order":0,"comment_status":"closed","ping_status":"closed","template":"","meta":{"neve_meta_sidebar":"","neve_meta_container":"","neve_meta_enable_content_width":"off","neve_meta_content_width":100,"neve_meta_title_alignment":"","neve_meta_author_avatar":"","neve_post_elements_order":"","neve_meta_disable_header":"","neve_meta_disable_footer":"","neve_meta_disable_title":"","neve_meta_reading_time":"","footnotes":""},"class_list":["post-2128","page","type-page","status-publish","hentry"],"translation":{"provider":"WPGlobus","version":"3.0.2","language":"en","enabled_languages":["es","en"],"languages":{"es":{"title":true,"content":true,"excerpt":false},"en":{"title":true,"content":true,"excerpt":false}}},"yoast_head":"<!-- This site is optimized with the Yoast SEO plugin v26.8 - https:\/\/yoast.com\/product\/yoast-seo-wordpress\/ -->\n<title>Clientes en USA, Latino America y Europa han recibido su aporte<\/title>\n<meta name=\"robots\" content=\"index, follow, max-snippet:-1, max-image-preview:large, max-video-preview:-1\" \/>\n<link rel=\"canonical\" href=\"https:\/\/samuelmorett.com\/mi-experiencia\/\" \/>\n<meta property=\"og:locale\" content=\"en_US\" \/>\n<meta property=\"og:type\" content=\"article\" \/>\n<meta property=\"og:title\" content=\"My Experience - SamuelMorett.com\" \/>\n<meta property=\"og:url\" content=\"https:\/\/samuelmorett.com\/mi-experiencia\/\" \/>\n<meta property=\"og:site_name\" content=\"SamuelMorett.com\" \/>\n<meta property=\"article:modified_time\" content=\"2023-03-13T12:25:56+00:00\" \/>\n<meta name=\"twitter:card\" content=\"summary_large_image\" \/>\n<meta name=\"twitter:label1\" content=\"Est. reading time\" \/>\n\t<meta name=\"twitter:data1\" content=\"2 minutes\" \/>\n<script type=\"application\/ld+json\" class=\"yoast-schema-graph\">{\"@context\":\"https:\/\/schema.org\",\"@graph\":[{\"@type\":\"WebPage\",\"@id\":\"https:\/\/samuelmorett.com\/mi-experiencia\/\",\"url\":\"https:\/\/samuelmorett.com\/mi-experiencia\/\",\"name\":\"Clientes en USA, Latino America y Europa han recibido su aporte\",\"isPartOf\":{\"@id\":\"https:\/\/samuelmorett.com\/#website\"},\"datePublished\":\"2016-01-06T21:11:54+00:00\",\"dateModified\":\"2023-03-13T12:25:56+00:00\",\"description\":\"Cada reto exige de estrategias especificas, coraz\u00f3n y coraje para ponerlas en acci\u00f3n, cuando esto lo acompa\u00f1amos con certeza el aprendizaje es un hecho.\",\"breadcrumb\":{\"@id\":\"https:\/\/samuelmorett.com\/mi-experiencia\/#breadcrumb\"},\"inLanguage\":\"en-US\",\"potentialAction\":[{\"@type\":\"ReadAction\",\"target\":[\"https:\/\/samuelmorett.com\/mi-experiencia\/\"]}]},{\"@type\":\"BreadcrumbList\",\"@id\":\"https:\/\/samuelmorett.com\/mi-experiencia\/#breadcrumb\",\"itemListElement\":[{\"@type\":\"ListItem\",\"position\":1,\"name\":\"Home\",\"item\":\"https:\/\/samuelmorett.com\/\"},{\"@type\":\"ListItem\",\"position\":2,\"name\":\"My Experience\"}]},{\"@type\":\"WebSite\",\"@id\":\"https:\/\/samuelmorett.com\/#website\",\"url\":\"https:\/\/samuelmorett.com\/\",\"name\":\"SamuelMorett.com\",\"description\":\"Astr\u00f3logo y Consultor Integral que ofrece terapias alternativas como astrolog\u00eda psicol\u00f3gica, constelaciones familiares, reiki y renacimiento.\",\"publisher\":{\"@id\":\"https:\/\/samuelmorett.com\/#organization\"},\"potentialAction\":[{\"@type\":\"SearchAction\",\"target\":{\"@type\":\"EntryPoint\",\"urlTemplate\":\"https:\/\/samuelmorett.com\/?s={search_term_string}\"},\"query-input\":{\"@type\":\"PropertyValueSpecification\",\"valueRequired\":true,\"valueName\":\"search_term_string\"}}],\"inLanguage\":\"en-US\"},{\"@type\":\"Organization\",\"@id\":\"https:\/\/samuelmorett.com\/#organization\",\"name\":\"SamuelMorett.com\",\"url\":\"https:\/\/samuelmorett.com\/\",\"logo\":{\"@type\":\"ImageObject\",\"inLanguage\":\"en-US\",\"@id\":\"https:\/\/samuelmorett.com\/#\/schema\/logo\/image\/\",\"url\":\"\",\"contentUrl\":\"\",\"caption\":\"SamuelMorett.com\"},\"image\":{\"@id\":\"https:\/\/samuelmorett.com\/#\/schema\/logo\/image\/\"}}]}<\/script>\n<!-- \/ Yoast SEO plugin. -->","yoast_head_json":{"title":"Clientes en USA, Latino America y Europa han recibido su aporte","robots":{"index":"index","follow":"follow","max-snippet":"max-snippet:-1","max-image-preview":"max-image-preview:large","max-video-preview":"max-video-preview:-1"},"canonical":"https:\/\/samuelmorett.com\/mi-experiencia\/","og_locale":"en_US","og_type":"article","og_title":"My Experience - SamuelMorett.com","og_url":"https:\/\/samuelmorett.com\/mi-experiencia\/","og_site_name":"SamuelMorett.com","article_modified_time":"2023-03-13T12:25:56+00:00","twitter_card":"summary_large_image","twitter_misc":{"Est. reading time":"2 minutes"},"schema":{"@context":"https:\/\/schema.org","@graph":[{"@type":"WebPage","@id":"https:\/\/samuelmorett.com\/mi-experiencia\/","url":"https:\/\/samuelmorett.com\/mi-experiencia\/","name":"Clientes en USA, Latino America y Europa han recibido su aporte","isPartOf":{"@id":"https:\/\/samuelmorett.com\/#website"},"datePublished":"2016-01-06T21:11:54+00:00","dateModified":"2023-03-13T12:25:56+00:00","description":"Cada reto exige de estrategias especificas, coraz\u00f3n y coraje para ponerlas en acci\u00f3n, cuando esto lo acompa\u00f1amos con certeza el aprendizaje es un hecho.","breadcrumb":{"@id":"https:\/\/samuelmorett.com\/mi-experiencia\/#breadcrumb"},"inLanguage":"en-US","potentialAction":[{"@type":"ReadAction","target":["https:\/\/samuelmorett.com\/mi-experiencia\/"]}]},{"@type":"BreadcrumbList","@id":"https:\/\/samuelmorett.com\/mi-experiencia\/#breadcrumb","itemListElement":[{"@type":"ListItem","position":1,"name":"Home","item":"https:\/\/samuelmorett.com\/"},{"@type":"ListItem","position":2,"name":"My Experience"}]},{"@type":"WebSite","@id":"https:\/\/samuelmorett.com\/#website","url":"https:\/\/samuelmorett.com\/","name":"SamuelMorett.com","description":"Astr\u00f3logo y Consultor Integral que ofrece terapias alternativas como astrolog\u00eda psicol\u00f3gica, constelaciones familiares, reiki y renacimiento.","publisher":{"@id":"https:\/\/samuelmorett.com\/#organization"},"potentialAction":[{"@type":"SearchAction","target":{"@type":"EntryPoint","urlTemplate":"https:\/\/samuelmorett.com\/?s={search_term_string}"},"query-input":{"@type":"PropertyValueSpecification","valueRequired":true,"valueName":"search_term_string"}}],"inLanguage":"en-US"},{"@type":"Organization","@id":"https:\/\/samuelmorett.com\/#organization","name":"SamuelMorett.com","url":"https:\/\/samuelmorett.com\/","logo":{"@type":"ImageObject","inLanguage":"en-US","@id":"https:\/\/samuelmorett.com\/#\/schema\/logo\/image\/","url":"","contentUrl":"","caption":"SamuelMorett.com"},"image":{"@id":"https:\/\/samuelmorett.com\/#\/schema\/logo\/image\/"}}]}},"_links":{"self":[{"href":"https:\/\/samuelmorett.com\/en\/wp-json\/wp\/v2\/pages\/2128","targetHints":{"allow":["GET"]}}],"collection":[{"href":"https:\/\/samuelmorett.com\/en\/wp-json\/wp\/v2\/pages"}],"about":[{"href":"https:\/\/samuelmorett.com\/en\/wp-json\/wp\/v2\/types\/page"}],"author":[{"embeddable":true,"href":"https:\/\/samuelmorett.com\/en\/wp-json\/wp\/v2\/users\/1"}],"replies":[{"embeddable":true,"href":"https:\/\/samuelmorett.com\/en\/wp-json\/wp\/v2\/comments?post=2128"}],"version-history":[{"count":6,"href":"https:\/\/samuelmorett.com\/en\/wp-json\/wp\/v2\/pages\/2128\/revisions"}],"predecessor-version":[{"id":3778,"href":"https:\/\/samuelmorett.com\/en\/wp-json\/wp\/v2\/pages\/2128\/revisions\/3778"}],"wp:attachment":[{"href":"https:\/\/samuelmorett.com\/en\/wp-json\/wp\/v2\/media?parent=2128"}],"curies":[{"name":"wp","href":"https:\/\/api.w.org\/{rel}","templated":true}]}}