{"id":2,"date":"2010-10-25T07:47:53","date_gmt":"2010-10-25T07:47:53","guid":{"rendered":"http:\/\/www.samuelmorett.net\/?page_id=2"},"modified":"2023-03-31T18:00:32","modified_gmt":"2023-03-31T18:00:32","slug":"sobre-sm","status":"publish","type":"page","link":"https:\/\/samuelmorett.com\/en\/sobre-sm\/","title":{"rendered":"About Samuel"},"content":{"rendered":"<p>[vc_row][vc_column][vc_column_text]<a href=\"https:\/\/samuelmorett.comsobre-sm\/attachment\/samy-2\/\" rel=\"attachment wp-att-191\"><img loading=\"lazy\" decoding=\"async\" class=\"alignleft size-medium wp-image-191\" src=\"https:\/\/samuelmorett.com\/wp-content\/uploads\/2010\/10\/samy1-274x300.jpg\" alt=\"samy\" width=\"274\" height=\"300\" srcset=\"https:\/\/samuelmorett.com\/wp-content\/uploads\/2010\/10\/samy1-274x300.jpg 274w, https:\/\/samuelmorett.com\/wp-content\/uploads\/2010\/10\/samy1-300x327.jpg 300w, https:\/\/samuelmorett.com\/wp-content\/uploads\/2010\/10\/samy1.jpg 536w\" sizes=\"auto, (max-width: 274px) 100vw, 274px\" \/><\/a><\/p>\n<div class=\"group w-full text-gray-800 dark:text-gray-100 border-b border-black\/10 dark:border-gray-900\/50 bg-gray-50 dark:bg-[#444654]\">\n<div class=\"text-base gap-4 md:gap-6 md:max-w-2xl lg:max-w-xl xl:max-w-3xl p-4 md:py-6 flex lg:px-0 m-auto\">\n<div class=\"relative flex w-[calc(100%-50px)] flex-col gap-1 md:gap-3 lg:w-[calc(100%-115px)]\">\n<div class=\"flex flex-grow flex-col gap-3\">\n<div class=\"min-h-[20px] flex flex-col items-start gap-4 whitespace-pre-wrap\">\n<div class=\"markdown prose w-full break-words dark:prose-invert light\">\n<p>Samuel Morett is a versatile consultant who brings together a range of alternative approaches, including Psychological Astrology and the Family Constellations technique, to create what is known as Systemic Astrology. He has extensive experience working with clients in Latin America, Europe, and the United States.<\/p>\n<p>Currently based in Los Angeles, Samuel operates a one-on-one practice where he helps clients tap into their inner strengths and potential. He is also a sought-after guest on programs such as Telemundo, Univision, and People en Espa\u00f1ol, where he discusses the energies and trends of the cosmos.<\/p>\n<p>In the summer of 2019, Samuel added another dimension to his work by becoming a Doula after a profound volunteer experience at a maternity hospital in Venezuela. As one of the few men in this field, he has since assisted in the birth of six babies in the US, providing emotional support and guidance to women during one of life&#8217;s most transformational experiences.<\/p>\n<p>Samuel is dedicated to promoting well-being in all aspects of life, and he regularly shares his knowledge and insights on social media to raise awareness and improve our quality of life.<\/p>\n<\/div>\n<\/div>\n<\/div>\n<div class=\"flex justify-between lg:block\">\n<div class=\"text-gray-400 flex self-end lg:self-center justify-center mt-2 gap-2 md:gap-3 lg:gap-1 lg:absolute lg:top-0 lg:translate-x-full lg:right-0 lg:mt-0 lg:pl-2 visible\"><\/div>\n<\/div>\n<\/div>\n<\/div>\n<\/div>\n<p>[\/vc_column_text][\/vc_column][\/vc_row]<\/p>\n","protected":false},"excerpt":{"rendered":"<p>[vc_row][vc_column][vc_column_text] Samuel Morett is a versatile consultant who brings together a range of alternative approaches, including Psychological Astrology and the Family Constellations technique, to create what is known as Systemic Astrology. He has extensive experience working with clients in Latin America, Europe, and the United States. Currently based in Los Angeles, Samuel operates a one-on-one&hellip;&nbsp;<a href=\"https:\/\/samuelmorett.com\/en\/sobre-sm\/\" rel=\"bookmark\">Read More &raquo;<span class=\"screen-reader-text\">About Samuel<\/span><\/a><\/p>\n","protected":false},"author":1,"featured_media":0,"parent":0,"menu_order":0,"comment_status":"closed","ping_status":"closed","template":"","meta":{"neve_meta_sidebar":"","neve_meta_container":"","neve_meta_enable_content_width":"off","neve_meta_content_width":100,"neve_meta_title_alignment":"","neve_meta_author_avatar":"","neve_post_elements_order":"","neve_meta_disable_header":"","neve_meta_disable_footer":"","neve_meta_disable_title":"","neve_meta_reading_time":"","footnotes":""},"class_list":["post-2","page","type-page","status-publish","hentry"],"translation":{"provider":"WPGlobus","version":"3.0.2","language":"en","enabled_languages":["es","en"],"languages":{"es":{"title":true,"content":true,"excerpt":false},"en":{"title":true,"content":true,"excerpt":false}}},"yoast_head":"<!-- This site is optimized with the Yoast SEO plugin v26.8 - https:\/\/yoast.com\/product\/yoast-seo-wordpress\/ -->\n<title>Apasionado estudiante de los retos y potenciales del Ser.<\/title>\n<meta name=\"robots\" content=\"index, follow, max-snippet:-1, max-image-preview:large, max-video-preview:-1\" \/>\n<link rel=\"canonical\" href=\"https:\/\/samuelmorett.com\/sobre-sm\/\" \/>\n<meta property=\"og:locale\" content=\"en_US\" \/>\n<meta property=\"og:type\" content=\"article\" \/>\n<meta property=\"og:title\" content=\"About Samuel - SamuelMorett.com\" \/>\n<meta property=\"og:url\" content=\"https:\/\/samuelmorett.com\/sobre-sm\/\" \/>\n<meta property=\"og:site_name\" content=\"SamuelMorett.com\" \/>\n<meta property=\"article:modified_time\" content=\"2023-03-31T18:00:32+00:00\" \/>\n<meta property=\"og:image\" content=\"https:\/\/samuelmorett.com\/wp-content\/uploads\/2010\/10\/samy1.jpg\" \/>\n\t<meta property=\"og:image:width\" content=\"536\" \/>\n\t<meta property=\"og:image:height\" content=\"585\" \/>\n\t<meta property=\"og:image:type\" content=\"image\/jpeg\" \/>\n<meta name=\"twitter:card\" content=\"summary_large_image\" \/>\n<meta name=\"twitter:label1\" content=\"Est. reading time\" \/>\n\t<meta name=\"twitter:data1\" content=\"2 minutes\" \/>\n<script type=\"application\/ld+json\" class=\"yoast-schema-graph\">{\"@context\":\"https:\/\/schema.org\",\"@graph\":[{\"@type\":\"WebPage\",\"@id\":\"https:\/\/samuelmorett.com\/sobre-sm\/\",\"url\":\"https:\/\/samuelmorett.com\/sobre-sm\/\",\"name\":\"Apasionado estudiante de los retos y potenciales del Ser.\",\"isPartOf\":{\"@id\":\"https:\/\/samuelmorett.com\/#website\"},\"primaryImageOfPage\":{\"@id\":\"https:\/\/samuelmorett.com\/sobre-sm\/#primaryimage\"},\"image\":{\"@id\":\"https:\/\/samuelmorett.com\/sobre-sm\/#primaryimage\"},\"thumbnailUrl\":\"https:\/\/samuelmorett.com\/wp-content\/uploads\/2010\/10\/samy1-274x300.jpg\",\"datePublished\":\"2010-10-25T07:47:53+00:00\",\"dateModified\":\"2023-03-31T18:00:32+00:00\",\"description\":\"El objetivo de samuel morett es que todos tengamos una mejor calidad de vida. \\\"El compartir lo que aprendo es de mis grandes placeres, me hace feliz\\\".\",\"breadcrumb\":{\"@id\":\"https:\/\/samuelmorett.com\/sobre-sm\/#breadcrumb\"},\"inLanguage\":\"en-US\",\"potentialAction\":[{\"@type\":\"ReadAction\",\"target\":[\"https:\/\/samuelmorett.com\/sobre-sm\/\"]}]},{\"@type\":\"ImageObject\",\"inLanguage\":\"en-US\",\"@id\":\"https:\/\/samuelmorett.com\/sobre-sm\/#primaryimage\",\"url\":\"https:\/\/samuelmorett.com\/wp-content\/uploads\/2010\/10\/samy1-274x300.jpg\",\"contentUrl\":\"https:\/\/samuelmorett.com\/wp-content\/uploads\/2010\/10\/samy1-274x300.jpg\"},{\"@type\":\"BreadcrumbList\",\"@id\":\"https:\/\/samuelmorett.com\/sobre-sm\/#breadcrumb\",\"itemListElement\":[{\"@type\":\"ListItem\",\"position\":1,\"name\":\"Home\",\"item\":\"https:\/\/samuelmorett.com\/\"},{\"@type\":\"ListItem\",\"position\":2,\"name\":\"About Samuel\"}]},{\"@type\":\"WebSite\",\"@id\":\"https:\/\/samuelmorett.com\/#website\",\"url\":\"https:\/\/samuelmorett.com\/\",\"name\":\"SamuelMorett.com\",\"description\":\"Astr\u00f3logo y Consultor Integral que ofrece terapias alternativas como astrolog\u00eda psicol\u00f3gica, constelaciones familiares, reiki y renacimiento.\",\"publisher\":{\"@id\":\"https:\/\/samuelmorett.com\/#organization\"},\"potentialAction\":[{\"@type\":\"SearchAction\",\"target\":{\"@type\":\"EntryPoint\",\"urlTemplate\":\"https:\/\/samuelmorett.com\/?s={search_term_string}\"},\"query-input\":{\"@type\":\"PropertyValueSpecification\",\"valueRequired\":true,\"valueName\":\"search_term_string\"}}],\"inLanguage\":\"en-US\"},{\"@type\":\"Organization\",\"@id\":\"https:\/\/samuelmorett.com\/#organization\",\"name\":\"SamuelMorett.com\",\"url\":\"https:\/\/samuelmorett.com\/\",\"logo\":{\"@type\":\"ImageObject\",\"inLanguage\":\"en-US\",\"@id\":\"https:\/\/samuelmorett.com\/#\/schema\/logo\/image\/\",\"url\":\"\",\"contentUrl\":\"\",\"caption\":\"SamuelMorett.com\"},\"image\":{\"@id\":\"https:\/\/samuelmorett.com\/#\/schema\/logo\/image\/\"}}]}<\/script>\n<!-- \/ Yoast SEO plugin. -->","yoast_head_json":{"title":"Apasionado estudiante de los retos y potenciales del Ser.","robots":{"index":"index","follow":"follow","max-snippet":"max-snippet:-1","max-image-preview":"max-image-preview:large","max-video-preview":"max-video-preview:-1"},"canonical":"https:\/\/samuelmorett.com\/sobre-sm\/","og_locale":"en_US","og_type":"article","og_title":"About Samuel - SamuelMorett.com","og_url":"https:\/\/samuelmorett.com\/sobre-sm\/","og_site_name":"SamuelMorett.com","article_modified_time":"2023-03-31T18:00:32+00:00","og_image":[{"width":536,"height":585,"url":"https:\/\/samuelmorett.com\/wp-content\/uploads\/2010\/10\/samy1.jpg","type":"image\/jpeg"}],"twitter_card":"summary_large_image","twitter_misc":{"Est. reading time":"2 minutes"},"schema":{"@context":"https:\/\/schema.org","@graph":[{"@type":"WebPage","@id":"https:\/\/samuelmorett.com\/sobre-sm\/","url":"https:\/\/samuelmorett.com\/sobre-sm\/","name":"Apasionado estudiante de los retos y potenciales del Ser.","isPartOf":{"@id":"https:\/\/samuelmorett.com\/#website"},"primaryImageOfPage":{"@id":"https:\/\/samuelmorett.com\/sobre-sm\/#primaryimage"},"image":{"@id":"https:\/\/samuelmorett.com\/sobre-sm\/#primaryimage"},"thumbnailUrl":"https:\/\/samuelmorett.com\/wp-content\/uploads\/2010\/10\/samy1-274x300.jpg","datePublished":"2010-10-25T07:47:53+00:00","dateModified":"2023-03-31T18:00:32+00:00","description":"El objetivo de samuel morett es que todos tengamos una mejor calidad de vida. \"El compartir lo que aprendo es de mis grandes placeres, me hace feliz\".","breadcrumb":{"@id":"https:\/\/samuelmorett.com\/sobre-sm\/#breadcrumb"},"inLanguage":"en-US","potentialAction":[{"@type":"ReadAction","target":["https:\/\/samuelmorett.com\/sobre-sm\/"]}]},{"@type":"ImageObject","inLanguage":"en-US","@id":"https:\/\/samuelmorett.com\/sobre-sm\/#primaryimage","url":"https:\/\/samuelmorett.com\/wp-content\/uploads\/2010\/10\/samy1-274x300.jpg","contentUrl":"https:\/\/samuelmorett.com\/wp-content\/uploads\/2010\/10\/samy1-274x300.jpg"},{"@type":"BreadcrumbList","@id":"https:\/\/samuelmorett.com\/sobre-sm\/#breadcrumb","itemListElement":[{"@type":"ListItem","position":1,"name":"Home","item":"https:\/\/samuelmorett.com\/"},{"@type":"ListItem","position":2,"name":"About Samuel"}]},{"@type":"WebSite","@id":"https:\/\/samuelmorett.com\/#website","url":"https:\/\/samuelmorett.com\/","name":"SamuelMorett.com","description":"Astr\u00f3logo y Consultor Integral que ofrece terapias alternativas como astrolog\u00eda psicol\u00f3gica, constelaciones familiares, reiki y renacimiento.","publisher":{"@id":"https:\/\/samuelmorett.com\/#organization"},"potentialAction":[{"@type":"SearchAction","target":{"@type":"EntryPoint","urlTemplate":"https:\/\/samuelmorett.com\/?s={search_term_string}"},"query-input":{"@type":"PropertyValueSpecification","valueRequired":true,"valueName":"search_term_string"}}],"inLanguage":"en-US"},{"@type":"Organization","@id":"https:\/\/samuelmorett.com\/#organization","name":"SamuelMorett.com","url":"https:\/\/samuelmorett.com\/","logo":{"@type":"ImageObject","inLanguage":"en-US","@id":"https:\/\/samuelmorett.com\/#\/schema\/logo\/image\/","url":"","contentUrl":"","caption":"SamuelMorett.com"},"image":{"@id":"https:\/\/samuelmorett.com\/#\/schema\/logo\/image\/"}}]}},"_links":{"self":[{"href":"https:\/\/samuelmorett.com\/en\/wp-json\/wp\/v2\/pages\/2","targetHints":{"allow":["GET"]}}],"collection":[{"href":"https:\/\/samuelmorett.com\/en\/wp-json\/wp\/v2\/pages"}],"about":[{"href":"https:\/\/samuelmorett.com\/en\/wp-json\/wp\/v2\/types\/page"}],"author":[{"embeddable":true,"href":"https:\/\/samuelmorett.com\/en\/wp-json\/wp\/v2\/users\/1"}],"replies":[{"embeddable":true,"href":"https:\/\/samuelmorett.com\/en\/wp-json\/wp\/v2\/comments?post=2"}],"version-history":[{"count":6,"href":"https:\/\/samuelmorett.com\/en\/wp-json\/wp\/v2\/pages\/2\/revisions"}],"predecessor-version":[{"id":3898,"href":"https:\/\/samuelmorett.com\/en\/wp-json\/wp\/v2\/pages\/2\/revisions\/3898"}],"wp:attachment":[{"href":"https:\/\/samuelmorett.com\/en\/wp-json\/wp\/v2\/media?parent=2"}],"curies":[{"name":"wp","href":"https:\/\/api.w.org\/{rel}","templated":true}]}}