{"id":1921,"date":"2014-11-06T11:57:46","date_gmt":"2014-11-06T11:57:46","guid":{"rendered":"http:\/\/howes-data.thememount.com\/?page_id=1519"},"modified":"2023-04-08T05:13:50","modified_gmt":"2023-04-08T05:13:50","slug":"servicios","status":"publish","type":"page","link":"https:\/\/samuelmorett.com\/en\/servicios\/","title":{"rendered":"Services"},"content":{"rendered":"<p>[vc_row gap=&#8221;20&#8243; equal_height=&#8221;yes&#8221; el_class=&#8221;service-one&#8221;][vc_column width=&#8221;1\/2&#8243; css=&#8221;.vc_custom_1680930151641{padding-top: 30px !important;padding-right: 30px !important;padding-bottom: 30px !important;padding-left: 30px !important;background-color: #f8f8f8 !important;}&#8221; el_class=&#8221;service-c-block&#8221;][vc_custom_heading text=&#8221;BIRTH CHART \/ SOLAR REVOLUTION&#8221; font_container=&#8221;tag:h4|text_align:left&#8221; use_theme_fonts=&#8221;yes&#8221;][vc_column_text el_class=&#8221;service-block&#8221;]With these technologies, let&#8217;s discover together the dynamics that support or limit you in any area of your life. Together we find the best ways to support you to be happy. By putting order our perception changes and we can see the answers where they have been waiting for us.<\/p>\n<p>The Solar Return shows us how the road is aspected from the date of your birthday. In this way we can support the gifts that are presented to us, and create strategies to solve the challenges to come.<\/p>\n<p>These sessions can be done in person or by video call.[\/vc_column_text][vc_btn title=&#8221;Reservation&#8221; align=&#8221;left&#8221; link=&#8221;url:https%3A%2F%2Fapi.whatsapp.com%2Fsend%3Fphone%3D19175533532%26text%3DHola!|title:Reservation|target:_blank&#8221; el_class=&#8221;whatsapp-block__button&#8221;][\/vc_column][vc_column width=&#8221;1\/2&#8243; css=&#8221;.vc_custom_1680930157834{padding-top: 30px !important;padding-right: 30px !important;padding-bottom: 30px !important;padding-left: 30px !important;background-color: #f8f8f8 !important;}&#8221; el_class=&#8221;service-c-block&#8221;][vc_custom_heading text=&#8221;FAMILY CONSTELLATIONS&#8221; font_container=&#8221;tag:h4|text_align:left&#8221; use_theme_fonts=&#8221;yes&#8221;][vc_column_text el_class=&#8221;service-block&#8221;]A session begins when a person wants to clarify a specific issue in his life. In my private sessions I use tools such as astrology, dolls, and meditations, among others, that help us discover the origin of your challenge in the roots of your family history. The ultimate goal is to restore what was excluded due to lack of love. In this way we can take the responsibility that our lives require to live it to our full potential.<\/p>\n<p>Each session ends with exercises to be done at home. We can do it in person or by video call.[\/vc_column_text][vc_btn title=&#8221;Reservation&#8221; align=&#8221;left&#8221; link=&#8221;url:https%3A%2F%2Fapi.whatsapp.com%2Fsend%3Fphone%3D19175533532%26text%3DHola!|title:Reservation|target:_blank&#8221; el_class=&#8221;whatsapp-block__button&#8221;][\/vc_column][\/vc_row][vc_row gap=&#8221;20&#8243; equal_height=&#8221;yes&#8221;][vc_column][vc_empty_space height=&#8221;30px&#8221;][\/vc_column][\/vc_row][vc_row gap=&#8221;20&#8243; equal_height=&#8221;yes&#8221; el_class=&#8221;service-two&#8221;][vc_column width=&#8221;1\/2&#8243; el_class=&#8221;service-c-block&#8221; css=&#8221;.vc_custom_1680928713703{padding: 30px !important;background-color: #f8f8f8 !important;}&#8221;][vc_custom_heading text=&#8221;COACHING \u2013 PACKAGE OF SESSIONS&#8221; font_container=&#8221;tag:h4|text_align:left&#8221; use_theme_fonts=&#8221;yes&#8221;][vc_column_text el_class=&#8221;service-block&#8221;]In the first session we will consider the conflict that is leading you to seek help. In the next sessions we will discover together the strategies to follow and the resources that the system offers us in order to achieve the change and order that we are looking for. We will use tools such as Systemic Astrology and Family Constellations among others. They can be done both in person and via video chat.<\/p>\n<p>It is important to have an ally who supports you in creating strategies to obtain the well-being you want. Minimum 10 sessions.[\/vc_column_text][vc_btn title=&#8221;Reservation&#8221; align=&#8221;left&#8221; link=&#8221;url:https%3A%2F%2Fapi.whatsapp.com%2Fsend%3Fphone%3D19175533532%26text%3DHola!|title:Reservation|target:_blank&#8221; el_class=&#8221;whatsapp-block__button&#8221;][\/vc_column][vc_column width=&#8221;1\/2&#8243; el_class=&#8221;service-c-block&#8221; css=&#8221;.vc_custom_1680928950923{padding: 30px !important;background-color: #f8f8f8 !important;}&#8221;][vc_custom_heading text=&#8221;ANALYSIS FOR CHILDREN&#8221; font_container=&#8221;tag:h4|text_align:left&#8221; use_theme_fonts=&#8221;yes&#8221;][vc_column_text el_class=&#8221;service-block&#8221;]Through this consultation, parents will understand even more about the personality of their children, their relationship with them and their partner. They will discover their psychological type, talents, needs and anxieties to support them in building the best future for themselves. We can do this in person or by video chat.[\/vc_column_text][vc_btn title=&#8221;Reservation&#8221; align=&#8221;left&#8221; link=&#8221;url:https%3A%2F%2Fapi.whatsapp.com%2Fsend%3Fphone%3D19175533532%26text%3DHola!|title:Reservation|target:_blank&#8221; el_class=&#8221;whatsapp-block__button&#8221;][\/vc_column][\/vc_row][vc_row][vc_column][vc_empty_space height=&#8221;30px&#8221;][\/vc_column][\/vc_row][vc_row gap=&#8221;20&#8243; equal_height=&#8221;yes&#8221; el_class=&#8221;service-three&#8221;][vc_column width=&#8221;1\/2&#8243; el_class=&#8221;service-c-block&#8221; css=&#8221;.vc_custom_1680928824179{padding: 30px !important;background-color: #f8f8f8 !important;}&#8221;][vc_custom_heading text=&#8221;RELATIONSHIP SYNASTRY&#8221; font_container=&#8221;tag:h4|text_align:left&#8221; use_theme_fonts=&#8221;yes&#8221;][vc_column_text el_class=&#8221;service-block&#8221;]It is the analysis of two people related by the energy of love: parents and children, brothers, husbands, boyfriends, etc. The study will reveal the forces that unite them, the essence of this relationship and the deep learning that is activated as a result of their union. We will discover how to guide the energies for their success. Together we will find the meaning of love. We can do this in person or by video chat.[\/vc_column_text][vc_btn title=&#8221;Reservation&#8221; align=&#8221;left&#8221; link=&#8221;url:https%3A%2F%2Fapi.whatsapp.com%2Fsend%3Fphone%3D19175533532%26text%3DHola!|title:Reservation|target:_blank&#8221; el_class=&#8221;whatsapp-block__button&#8221;][\/vc_column][vc_column width=&#8221;1\/2&#8243; el_class=&#8221;service-c-block&#8221; css=&#8221;.vc_custom_1680928747340{padding: 30px !important;background-color: #f8f8f8 !important;}&#8221;][vc_custom_heading text=&#8221;CONSULTANCY FOR COMPANIES&#8221; font_container=&#8221;tag:h4|text_align:left&#8221; use_theme_fonts=&#8221;yes&#8221;][vc_column_text el_class=&#8221;service-block&#8221;]In today&#8217;s competitive world, our businesses have to always be one step ahead, this analysis will support you with this. Having a better management of employees, clear goals, firm purposes and assertive strategies are steps that always achieve success. Remember the company&#8217;s potentials and talents while we turn the problems that limit them today into allies. The growth and success of our companies is based on teamwork and common ideals. We can do this in person or video chat.[\/vc_column_text][vc_btn title=&#8221;Reservation&#8221; align=&#8221;left&#8221; link=&#8221;url:https%3A%2F%2Fapi.whatsapp.com%2Fsend%3Fphone%3D19175533532%26text%3DHola!|title:Reservation|target:_blank&#8221; el_class=&#8221;whatsapp-block__button&#8221;][\/vc_column][\/vc_row][vc_row][vc_column][vc_empty_space height=&#8221;60px&#8221;][\/vc_column][\/vc_row]<\/p>\n","protected":false},"excerpt":{"rendered":"<p>[vc_row gap=&#8221;20&#8243; equal_height=&#8221;yes&#8221; el_class=&#8221;service-one&#8221;][vc_column width=&#8221;1\/2&#8243; css=&#8221;.vc_custom_1680930151641{padding-top: 30px !important;padding-right: 30px !important;padding-bottom: 30px !important;padding-left: 30px !important;background-color: #f8f8f8 !important;}&#8221; el_class=&#8221;service-c-block&#8221;][vc_custom_heading text=&#8221;BIRTH CHART \/ SOLAR REVOLUTION&#8221; font_container=&#8221;tag:h4|text_align:left&#8221; use_theme_fonts=&#8221;yes&#8221;][vc_column_text el_class=&#8221;service-block&#8221;]With these technologies, let&#8217;s discover together the dynamics that support or limit you in any area of your life. Together we find the best ways to support you to be happy.&hellip;&nbsp;<a href=\"https:\/\/samuelmorett.com\/en\/servicios\/\" rel=\"bookmark\">Read More &raquo;<span class=\"screen-reader-text\">Services<\/span><\/a><\/p>\n","protected":false},"author":1,"featured_media":0,"parent":0,"menu_order":13,"comment_status":"closed","ping_status":"closed","template":"","meta":{"neve_meta_sidebar":"","neve_meta_container":"","neve_meta_enable_content_width":"off","neve_meta_content_width":100,"neve_meta_title_alignment":"","neve_meta_author_avatar":"","neve_post_elements_order":"","neve_meta_disable_header":"","neve_meta_disable_footer":"","neve_meta_disable_title":"","neve_meta_reading_time":"","footnotes":""},"class_list":["post-1921","page","type-page","status-publish","hentry"],"translation":{"provider":"WPGlobus","version":"3.0.2","language":"en","enabled_languages":["es","en"],"languages":{"es":{"title":true,"content":true,"excerpt":false},"en":{"title":true,"content":true,"excerpt":false}}},"yoast_head":"<!-- This site is optimized with the Yoast SEO plugin v26.8 - https:\/\/yoast.com\/product\/yoast-seo-wordpress\/ -->\n<title>Constelaciones Familiares, Carta Astral, Revoluci\u00f3n Solar.<\/title>\n<meta name=\"robots\" content=\"index, follow, max-snippet:-1, max-image-preview:large, max-video-preview:-1\" \/>\n<link rel=\"canonical\" href=\"https:\/\/samuelmorett.com\/servicios\/\" \/>\n<meta property=\"og:locale\" content=\"en_US\" \/>\n<meta property=\"og:type\" content=\"article\" \/>\n<meta property=\"og:title\" content=\"Services - SamuelMorett.com\" \/>\n<meta property=\"og:url\" content=\"https:\/\/samuelmorett.com\/servicios\/\" \/>\n<meta property=\"og:site_name\" content=\"SamuelMorett.com\" \/>\n<meta property=\"article:modified_time\" content=\"2023-04-08T05:13:50+00:00\" \/>\n<meta name=\"twitter:card\" content=\"summary_large_image\" \/>\n<meta name=\"twitter:label1\" content=\"Est. reading time\" \/>\n\t<meta name=\"twitter:data1\" content=\"3 minutes\" \/>\n<script type=\"application\/ld+json\" class=\"yoast-schema-graph\">{\"@context\":\"https:\/\/schema.org\",\"@graph\":[{\"@type\":\"WebPage\",\"@id\":\"https:\/\/samuelmorett.com\/servicios\/\",\"url\":\"https:\/\/samuelmorett.com\/servicios\/\",\"name\":\"Constelaciones Familiares, Carta Astral, Revoluci\u00f3n Solar.\",\"isPartOf\":{\"@id\":\"https:\/\/samuelmorett.com\/#website\"},\"datePublished\":\"2014-11-06T11:57:46+00:00\",\"dateModified\":\"2023-04-08T05:13:50+00:00\",\"description\":\"Tecnologia espiritual dise\u00f1ada para descubrir nuestra esencia, entender los retos, tomar responsabilidad y crear las estrategias para vivir a nuestro maximo potencial. Sesiones online.\",\"breadcrumb\":{\"@id\":\"https:\/\/samuelmorett.com\/servicios\/#breadcrumb\"},\"inLanguage\":\"en-US\",\"potentialAction\":[{\"@type\":\"ReadAction\",\"target\":[\"https:\/\/samuelmorett.com\/servicios\/\"]}]},{\"@type\":\"BreadcrumbList\",\"@id\":\"https:\/\/samuelmorett.com\/servicios\/#breadcrumb\",\"itemListElement\":[{\"@type\":\"ListItem\",\"position\":1,\"name\":\"Home\",\"item\":\"https:\/\/samuelmorett.com\/\"},{\"@type\":\"ListItem\",\"position\":2,\"name\":\"Services\"}]},{\"@type\":\"WebSite\",\"@id\":\"https:\/\/samuelmorett.com\/#website\",\"url\":\"https:\/\/samuelmorett.com\/\",\"name\":\"SamuelMorett.com\",\"description\":\"Astr\u00f3logo y Consultor Integral que ofrece terapias alternativas como astrolog\u00eda psicol\u00f3gica, constelaciones familiares, reiki y renacimiento.\",\"publisher\":{\"@id\":\"https:\/\/samuelmorett.com\/#organization\"},\"potentialAction\":[{\"@type\":\"SearchAction\",\"target\":{\"@type\":\"EntryPoint\",\"urlTemplate\":\"https:\/\/samuelmorett.com\/?s={search_term_string}\"},\"query-input\":{\"@type\":\"PropertyValueSpecification\",\"valueRequired\":true,\"valueName\":\"search_term_string\"}}],\"inLanguage\":\"en-US\"},{\"@type\":\"Organization\",\"@id\":\"https:\/\/samuelmorett.com\/#organization\",\"name\":\"SamuelMorett.com\",\"url\":\"https:\/\/samuelmorett.com\/\",\"logo\":{\"@type\":\"ImageObject\",\"inLanguage\":\"en-US\",\"@id\":\"https:\/\/samuelmorett.com\/#\/schema\/logo\/image\/\",\"url\":\"\",\"contentUrl\":\"\",\"caption\":\"SamuelMorett.com\"},\"image\":{\"@id\":\"https:\/\/samuelmorett.com\/#\/schema\/logo\/image\/\"}}]}<\/script>\n<!-- \/ Yoast SEO plugin. -->","yoast_head_json":{"title":"Constelaciones Familiares, Carta Astral, Revoluci\u00f3n Solar.","robots":{"index":"index","follow":"follow","max-snippet":"max-snippet:-1","max-image-preview":"max-image-preview:large","max-video-preview":"max-video-preview:-1"},"canonical":"https:\/\/samuelmorett.com\/servicios\/","og_locale":"en_US","og_type":"article","og_title":"Services - SamuelMorett.com","og_url":"https:\/\/samuelmorett.com\/servicios\/","og_site_name":"SamuelMorett.com","article_modified_time":"2023-04-08T05:13:50+00:00","twitter_card":"summary_large_image","twitter_misc":{"Est. reading time":"3 minutes"},"schema":{"@context":"https:\/\/schema.org","@graph":[{"@type":"WebPage","@id":"https:\/\/samuelmorett.com\/servicios\/","url":"https:\/\/samuelmorett.com\/servicios\/","name":"Constelaciones Familiares, Carta Astral, Revoluci\u00f3n Solar.","isPartOf":{"@id":"https:\/\/samuelmorett.com\/#website"},"datePublished":"2014-11-06T11:57:46+00:00","dateModified":"2023-04-08T05:13:50+00:00","description":"Tecnologia espiritual dise\u00f1ada para descubrir nuestra esencia, entender los retos, tomar responsabilidad y crear las estrategias para vivir a nuestro maximo potencial. Sesiones online.","breadcrumb":{"@id":"https:\/\/samuelmorett.com\/servicios\/#breadcrumb"},"inLanguage":"en-US","potentialAction":[{"@type":"ReadAction","target":["https:\/\/samuelmorett.com\/servicios\/"]}]},{"@type":"BreadcrumbList","@id":"https:\/\/samuelmorett.com\/servicios\/#breadcrumb","itemListElement":[{"@type":"ListItem","position":1,"name":"Home","item":"https:\/\/samuelmorett.com\/"},{"@type":"ListItem","position":2,"name":"Services"}]},{"@type":"WebSite","@id":"https:\/\/samuelmorett.com\/#website","url":"https:\/\/samuelmorett.com\/","name":"SamuelMorett.com","description":"Astr\u00f3logo y Consultor Integral que ofrece terapias alternativas como astrolog\u00eda psicol\u00f3gica, constelaciones familiares, reiki y renacimiento.","publisher":{"@id":"https:\/\/samuelmorett.com\/#organization"},"potentialAction":[{"@type":"SearchAction","target":{"@type":"EntryPoint","urlTemplate":"https:\/\/samuelmorett.com\/?s={search_term_string}"},"query-input":{"@type":"PropertyValueSpecification","valueRequired":true,"valueName":"search_term_string"}}],"inLanguage":"en-US"},{"@type":"Organization","@id":"https:\/\/samuelmorett.com\/#organization","name":"SamuelMorett.com","url":"https:\/\/samuelmorett.com\/","logo":{"@type":"ImageObject","inLanguage":"en-US","@id":"https:\/\/samuelmorett.com\/#\/schema\/logo\/image\/","url":"","contentUrl":"","caption":"SamuelMorett.com"},"image":{"@id":"https:\/\/samuelmorett.com\/#\/schema\/logo\/image\/"}}]}},"_links":{"self":[{"href":"https:\/\/samuelmorett.com\/en\/wp-json\/wp\/v2\/pages\/1921","targetHints":{"allow":["GET"]}}],"collection":[{"href":"https:\/\/samuelmorett.com\/en\/wp-json\/wp\/v2\/pages"}],"about":[{"href":"https:\/\/samuelmorett.com\/en\/wp-json\/wp\/v2\/types\/page"}],"author":[{"embeddable":true,"href":"https:\/\/samuelmorett.com\/en\/wp-json\/wp\/v2\/users\/1"}],"replies":[{"embeddable":true,"href":"https:\/\/samuelmorett.com\/en\/wp-json\/wp\/v2\/comments?post=1921"}],"version-history":[{"count":6,"href":"https:\/\/samuelmorett.com\/en\/wp-json\/wp\/v2\/pages\/1921\/revisions"}],"predecessor-version":[{"id":3974,"href":"https:\/\/samuelmorett.com\/en\/wp-json\/wp\/v2\/pages\/1921\/revisions\/3974"}],"wp:attachment":[{"href":"https:\/\/samuelmorett.com\/en\/wp-json\/wp\/v2\/media?parent=1921"}],"curies":[{"name":"wp","href":"https:\/\/api.w.org\/{rel}","templated":true}]}}